{"id":2774,"date":"2020-10-08T09:55:20","date_gmt":"2020-10-08T09:55:20","guid":{"rendered":"http:\/\/home\/platne\/serwer410115\/public_html\/hs-reim.pl\/invest-in-hrs\/"},"modified":"2021-02-18T02:10:50","modified_gmt":"2021-02-18T02:10:50","slug":"invest-in-hrs","status":"publish","type":"page","link":"https:\/\/hs-reim.pl\/pl\/invest-in-hrs\/","title":{"rendered":"Inwestuj z HSR"},"content":{"rendered":"\t\t<div data-elementor-type=\"wp-page\" data-elementor-id=\"2774\" class=\"elementor elementor-2774 elementor-2360\" data-elementor-settings=\"[]\">\n\t\t\t\t\t\t<div class=\"elementor-inner\">\n\t\t\t\t\t\t\t<div class=\"elementor-section-wrap\">\n\t\t\t\t\t\t\t<section class=\"elementor-section elementor-top-section elementor-element elementor-element-2fc9969 elementor-section-boxed elementor-section-height-default elementor-section-height-default\" data-id=\"2fc9969\" data-element_type=\"section\">\n\t\t\t\t\t\t<div class=\"elementor-container elementor-column-gap-no\">\n\t\t\t\t\t\t\t<div class=\"elementor-row\">\n\t\t\t\t\t<div class=\"elementor-column elementor-col-100 elementor-top-column elementor-element elementor-element-6a0d2ef\" data-id=\"6a0d2ef\" data-element_type=\"column\">\n\t\t\t<div class=\"elementor-column-wrap elementor-element-populated\">\n\t\t\t\t\t\t\t<div class=\"elementor-widget-wrap\">\n\t\t\t\t\t\t<div class=\"elementor-element elementor-element-95665a6 animated-fast elementor-invisible elementor-widget elementor-widget-heading\" data-id=\"95665a6\" data-element_type=\"widget\" data-settings=\"{&quot;_animation&quot;:&quot;opal-move-up&quot;}\" data-widget_type=\"heading.default\">\n\t\t\t\t<div class=\"elementor-widget-container\">\n\t\t\t<div class=\"elementor-heading-wrapper\" ><div class=\"elementor-heading-wrapper-inner\"><h2 class=\"elementor-heading-title elementor-size-default\">Je\u015bli jeste\u015b inwestorem i chcesz skorzysta\u0107 z jednej z naszych mo\u017cliwo\u015bci biznesowych, skontaktuj si\u0119 z nami pod adresem <br> <a href=\"mailto:invest@hsreim.pl\" style=\"color: #bda588\">invest@hsreim.pl<\/a><\/h2><\/div><\/div>\t\t<\/div>\n\t\t\t\t<\/div>\n\t\t\t\t\t\t<\/div>\n\t\t\t\t\t<\/div>\n\t\t<\/div>\n\t\t\t\t\t\t\t\t<\/div>\n\t\t\t\t\t<\/div>\n\t\t<\/section>\n\t\t\t\t\t\t<\/div>\n\t\t\t\t\t\t<\/div>\n\t\t\t\t\t<\/div>\n\t\t","protected":false},"excerpt":{"rendered":"<p>Je\u015bli jeste\u015b inwestorem i chcesz skorzysta\u0107 z jednej z naszych mo\u017cliwo\u015bci biznesowych, skontaktuj si\u0119 z nami pod adresem invest@hsreim.pl<\/p>\n","protected":false},"author":1,"featured_media":0,"parent":0,"menu_order":0,"comment_status":"closed","ping_status":"closed","template":"page-elementor.php","meta":{"inline_featured_image":false},"_links":{"self":[{"href":"https:\/\/hs-reim.pl\/pl\/wp-json\/wp\/v2\/pages\/2774"}],"collection":[{"href":"https:\/\/hs-reim.pl\/pl\/wp-json\/wp\/v2\/pages"}],"about":[{"href":"https:\/\/hs-reim.pl\/pl\/wp-json\/wp\/v2\/types\/page"}],"author":[{"embeddable":true,"href":"https:\/\/hs-reim.pl\/pl\/wp-json\/wp\/v2\/users\/1"}],"replies":[{"embeddable":true,"href":"https:\/\/hs-reim.pl\/pl\/wp-json\/wp\/v2\/comments?post=2774"}],"version-history":[{"count":13,"href":"https:\/\/hs-reim.pl\/pl\/wp-json\/wp\/v2\/pages\/2774\/revisions"}],"predecessor-version":[{"id":2941,"href":"https:\/\/hs-reim.pl\/pl\/wp-json\/wp\/v2\/pages\/2774\/revisions\/2941"}],"wp:attachment":[{"href":"https:\/\/hs-reim.pl\/pl\/wp-json\/wp\/v2\/media?parent=2774"}],"curies":[{"name":"wp","href":"https:\/\/api.w.org\/{rel}","templated":true}]}}