{"id":2769,"date":"2020-11-18T10:40:59","date_gmt":"2020-11-18T10:40:59","guid":{"rendered":"http:\/\/home\/platne\/serwer410115\/public_html\/hs-reim.pl\/offers\/"},"modified":"2021-04-12T16:15:06","modified_gmt":"2021-04-12T16:15:06","slug":"oferty","status":"publish","type":"page","link":"https:\/\/hs-reim.pl\/pl\/oferty\/","title":{"rendered":"Oferty"},"content":{"rendered":"\t\t<div data-elementor-type=\"wp-page\" data-elementor-id=\"2769\" class=\"elementor elementor-2769 elementor-2502\" data-elementor-settings=\"[]\">\n\t\t\t\t\t\t<div class=\"elementor-inner\">\n\t\t\t\t\t\t\t<div class=\"elementor-section-wrap\">\n\t\t\t\t\t\t\t<section class=\"elementor-section elementor-top-section elementor-element elementor-element-1f70f8d elementor-section-boxed elementor-section-height-default elementor-section-height-default\" data-id=\"1f70f8d\" data-element_type=\"section\">\n\t\t\t\t\t\t<div class=\"elementor-container elementor-column-gap-default\">\n\t\t\t\t\t\t\t<div class=\"elementor-row\">\n\t\t\t\t\t<div class=\"elementor-column elementor-col-100 elementor-top-column elementor-element elementor-element-e7b7e80\" data-id=\"e7b7e80\" data-element_type=\"column\">\n\t\t\t<div class=\"elementor-column-wrap elementor-element-populated\">\n\t\t\t\t\t\t\t<div class=\"elementor-widget-wrap\">\n\t\t\t\t\t\t<div class=\"elementor-element elementor-element-048d2c4 elementor-widget elementor-widget-heading\" data-id=\"048d2c4\" data-element_type=\"widget\" data-widget_type=\"heading.default\">\n\t\t\t\t<div class=\"elementor-widget-container\">\n\t\t\t<div class=\"elementor-heading-wrapper\" ><div class=\"elementor-heading-wrapper-inner\"><h5 class=\"elementor-heading-title elementor-size-default\">Nieustannie poszukujemy potencjalnych ofert zakupu nieruchomo\u015bci. Prosimy o kontakt w sprawie propozycji ofert pod adresem <a href=\"mailto:office@hsreim.pl\" style=\"color: #bda588\">office@hsreim.pl<\/a><\/h5><\/div><\/div>\t\t<\/div>\n\t\t\t\t<\/div>\n\t\t\t\t<div class=\"elementor-element elementor-element-462fb47 elementor-widget elementor-widget-html\" data-id=\"462fb47\" data-element_type=\"widget\" data-widget_type=\"html.default\">\n\t\t\t\t<div class=\"elementor-widget-container\">\n\t\t\t<section class=\"elementor-section elementor-inner-section elementor-element elementor-element-b54d2a9 elementor-section-boxed elementor-section-height-default elementor-section-height-default\" data-id=\"b54d2a9\" data-element_type=\"section\">\r\n\t\t\t\t\t\t<div class=\"elementor-container elementor-column-gap-default\">\r\n\t\t\t\t\t\t\t<div class=\"elementor-row\">\r\n\t\t\t\t\t<div class=\"elementor-column elementor-col-50 elementor-inner-column elementor-element elementor-element-84821fa\" data-id=\"84821fa\" data-element_type=\"column\">\r\n\t\t\t<div class=\"elementor-column-wrap elementor-element-populated\">\r\n\t\t\t\t\t\t\t<div class=\"elementor-widget-wrap\">\r\n\t\t\t\t\t\t<div class=\"elementor-element elementor-element-68a360b elementor-widget elementor-widget-opal-team-box\" data-id=\"68a360b\" data-element_type=\"widget\" data-widget_type=\"opal-team-box.default\">\r\n\t\t\t\t<div class=\"elementor-widget-container\">\r\n\t\t\t        <div class=\"elementor-teams-wrapper\">\r\n            <div class=\"elementor-team-item\">\r\n                        <div class=\"elementor-team-meta-inner\">\r\n           <a href=\"http:\/\/home\/platne\/serwer410115\/public_html\/hs-reim.pl\/pl\/category-portfolio\/nieruchomosci-do-wynajecia\/\"> <div class=\"elementor-team-image\">\r\n                <img width=\"1500\" height=\"1000\" src=\"http:\/\/home\/platne\/serwer410115\/public_html\/hs-reim.pl\/wp-content\/uploads\/2019\/10\/DSC08874.jpg\" class=\"attachment-full size-full\" alt=\"\" loading=\"lazy\" srcset=\"http:\/\/home\/platne\/serwer410115\/public_html\/hs-reim.pl\/wp-content\/uploads\/2019\/10\/DSC08874.jpg 1500w, http:\/\/home\/platne\/serwer410115\/public_html\/hs-reim.pl\/wp-content\/uploads\/2019\/10\/DSC08874-300x200.jpg 300w, http:\/\/home\/platne\/serwer410115\/public_html\/hs-reim.pl\/wp-content\/uploads\/2019\/10\/DSC08874-1024x683.jpg 1024w, http:\/\/home\/platne\/serwer410115\/public_html\/hs-reim.pl\/wp-content\/uploads\/2019\/10\/DSC08874-768x512.jpg 768w, http:\/\/home\/platne\/serwer410115\/public_html\/hs-reim.pl\/wp-content\/uploads\/2019\/10\/DSC08874-700x467.jpg 700w\" sizes=\"(max-width: 1500px) 100vw, 1500px\">\r\n                <div class=\"elementor-team-socials\">\r\n\r\n                    <span class=\"elementor-team-phone\"><\/span>\r\n                    <span class=\"elementor-team-text-contact\"><\/span>\r\n\r\n                    <ul class=\"team-icon-socials\">\r\n                                                                                                                                                                                                                                                            <\/ul>\r\n                <\/div>\r\n\r\n            <\/div>\r\n            <div class=\"elementor-team-details\">\r\n                <div class=\"elementor-team-job\"><\/div>\r\n                <div class=\"elementor-team-name\" style=\"padding-left: 30px;\">Nieruchomo\u015bci do wynaj\u0119cia<\/a><\/div>\r\n\r\n            <\/div>\r\n        <\/div>\r\n                    <\/div>\r\n        <\/div>\r\n        \t\t<\/div>\r\n\t\t\t\t<\/div>\r\n\t\t\t\t\t\t<\/div>\r\n\t\t\t\t\t<\/div>\r\n\t\t<\/div>\r\n\t\t\t\t<div class=\"elementor-column elementor-col-50 elementor-inner-column elementor-element elementor-element-22b4e02\" data-id=\"22b4e02\" data-element_type=\"column\">\r\n\t\t\t<div class=\"elementor-column-wrap elementor-element-populated\">\r\n\t\t\t\t\t\t\t<div class=\"elementor-widget-wrap\">\r\n\t\t\t\t\t\t<div class=\"elementor-element elementor-element-eed5dc8 elementor-widget elementor-widget-opal-team-box\" data-id=\"eed5dc8\" data-element_type=\"widget\" data-widget_type=\"opal-team-box.default\">\r\n\t\t\t\t<div class=\"elementor-widget-container\">\r\n\t\t\t        <div class=\"elementor-teams-wrapper\">\r\n            <div class=\"elementor-team-item\">\r\n                        <div class=\"elementor-team-meta-inner\">\r\n            <a href=\"http:\/\/home\/platne\/serwer410115\/public_html\/hs-reim.pl\/pl\/category-portfolio\/nieruchomosci-na-sprzedaz\/\"><div class=\"elementor-team-image\">\r\n                <img width=\"2560\" height=\"1707\" src=\"http:\/\/home\/platne\/serwer410115\/public_html\/hs-reim.pl\/wp-content\/uploads\/2020\/09\/DSC08812-scaled.jpg\" class=\"attachment-full size-full\" alt=\"\" loading=\"lazy\" srcset=\"http:\/\/home\/platne\/serwer410115\/public_html\/hs-reim.pl\/wp-content\/uploads\/2020\/09\/DSC08812-scaled.jpg 2560w, http:\/\/home\/platne\/serwer410115\/public_html\/hs-reim.pl\/wp-content\/uploads\/2020\/09\/DSC08812-300x200.jpg 300w, http:\/\/home\/platne\/serwer410115\/public_html\/hs-reim.pl\/wp-content\/uploads\/2020\/09\/DSC08812-1024x683.jpg 1024w, http:\/\/home\/platne\/serwer410115\/public_html\/hs-reim.pl\/wp-content\/uploads\/2020\/09\/DSC08812-768x512.jpg 768w, http:\/\/home\/platne\/serwer410115\/public_html\/hs-reim.pl\/wp-content\/uploads\/2020\/09\/DSC08812-1536x1024.jpg 1536w, http:\/\/home\/platne\/serwer410115\/public_html\/hs-reim.pl\/wp-content\/uploads\/2020\/09\/DSC08812-2048x1365.jpg 2048w, http:\/\/home\/platne\/serwer410115\/public_html\/hs-reim.pl\/wp-content\/uploads\/2020\/09\/DSC08812-700x467.jpg 700w\" sizes=\"(max-width: 2560px) 100vw, 2560px\">\r\n                <div class=\"elementor-team-socials\">\r\n\r\n                    <span class=\"elementor-team-phone\"><\/span>\r\n                    <span class=\"elementor-team-text-contact\"><\/span>\r\n\r\n                    <ul class=\"team-icon-socials\">\r\n                                                                                                                                                                                                                                                            <\/ul>\r\n                <\/div>\r\n\r\n            <\/div>\r\n            <div class=\"elementor-team-details\">\r\n                <div class=\"elementor-team-job\"><\/div>\r\n                <div class=\"elementor-team-name\"  style=\"padding-left: 30px;\">Nieruchomo\u015bci na sprzeda\u017c<\/a><\/div>\r\n\r\n            <\/div>\r\n        <\/div>\r\n                    <\/div>\r\n        <\/div>\r\n        \t\t<\/div>\r\n\t\t\t\t<\/div>\r\n\t\t\t\t\t\t<\/div>\r\n\t\t\t\t\t<\/div>\r\n\t\t<\/div>\r\n\t\t\t\t\t\t\t\t<\/div>\r\n\t\t\t\t\t<\/div>\r\n\t\t<\/section>\r\n\t\t\r\n\t\t<br><br>\t\t<\/div>\n\t\t\t\t<\/div>\n\t\t\t\t\t\t<\/div>\n\t\t\t\t\t<\/div>\n\t\t<\/div>\n\t\t\t\t\t\t\t\t<\/div>\n\t\t\t\t\t<\/div>\n\t\t<\/section>\n\t\t\t\t\t\t<\/div>\n\t\t\t\t\t\t<\/div>\n\t\t\t\t\t<\/div>\n\t\t","protected":false},"excerpt":{"rendered":"<p>Nieustannie poszukujemy potencjalnych ofert zakupu nieruchomo\u015bci. Prosimy o kontakt w sprawie propozycji ofert pod adresem office@hsreim.pl Nieruchomo\u015bci do wynaj\u0119cia Nieruchomo\u015bci na sprzeda\u017c<\/p>\n","protected":false},"author":1,"featured_media":0,"parent":0,"menu_order":0,"comment_status":"closed","ping_status":"closed","template":"page-elementor.php","meta":{"inline_featured_image":false},"_links":{"self":[{"href":"https:\/\/hs-reim.pl\/pl\/wp-json\/wp\/v2\/pages\/2769"}],"collection":[{"href":"https:\/\/hs-reim.pl\/pl\/wp-json\/wp\/v2\/pages"}],"about":[{"href":"https:\/\/hs-reim.pl\/pl\/wp-json\/wp\/v2\/types\/page"}],"author":[{"embeddable":true,"href":"https:\/\/hs-reim.pl\/pl\/wp-json\/wp\/v2\/users\/1"}],"replies":[{"embeddable":true,"href":"https:\/\/hs-reim.pl\/pl\/wp-json\/wp\/v2\/comments?post=2769"}],"version-history":[{"count":18,"href":"https:\/\/hs-reim.pl\/pl\/wp-json\/wp\/v2\/pages\/2769\/revisions"}],"predecessor-version":[{"id":3039,"href":"https:\/\/hs-reim.pl\/pl\/wp-json\/wp\/v2\/pages\/2769\/revisions\/3039"}],"wp:attachment":[{"href":"https:\/\/hs-reim.pl\/pl\/wp-json\/wp\/v2\/media?parent=2769"}],"curies":[{"name":"wp","href":"https:\/\/api.w.org\/{rel}","templated":true}]}}