{"id":2692,"date":"2020-09-23T10:35:38","date_gmt":"2020-09-23T10:35:38","guid":{"rendered":"http:\/\/home\/platne\/serwer410115\/public_html\/hs-reim.pl\/services\/"},"modified":"2021-04-01T11:37:05","modified_gmt":"2021-04-01T11:37:05","slug":"uslugi","status":"publish","type":"page","link":"https:\/\/hs-reim.pl\/pl\/uslugi\/","title":{"rendered":"Us\u0142ugi"},"content":{"rendered":"\t\t<div data-elementor-type=\"wp-page\" data-elementor-id=\"2692\" class=\"elementor elementor-2692 elementor-2334\" data-elementor-settings=\"[]\">\n\t\t\t\t\t\t<div class=\"elementor-inner\">\n\t\t\t\t\t\t\t<div class=\"elementor-section-wrap\">\n\t\t\t\t\t\t\t<section class=\"elementor-section elementor-top-section elementor-element elementor-element-7cc9610 elementor-section-stretched elementor-section-boxed elementor-section-height-default elementor-section-height-default\" data-id=\"7cc9610\" data-element_type=\"section\" data-settings=\"{&quot;stretch_section&quot;:&quot;section-stretched&quot;,&quot;background_background&quot;:&quot;classic&quot;}\">\n\t\t\t\t\t\t\t<div class=\"elementor-background-overlay\"><\/div>\n\t\t\t\t\t\t\t<div class=\"elementor-container elementor-column-gap-no\">\n\t\t\t\t\t\t\t<div class=\"elementor-row\">\n\t\t\t\t\t<div class=\"elementor-column elementor-col-50 elementor-top-column elementor-element elementor-element-315e710 animated-fast elementor-invisible\" data-id=\"315e710\" data-element_type=\"column\" data-settings=\"{&quot;background_background&quot;:&quot;classic&quot;,&quot;animation&quot;:&quot;opal-move-up&quot;}\">\n\t\t\t<div class=\"elementor-column-wrap elementor-element-populated\">\n\t\t\t\t\t\t\t<div class=\"elementor-widget-wrap\">\n\t\t\t\t\t\t<div class=\"elementor-element elementor-element-06336e5 elementor-position-left elementor-view-default icon-box-default elementor-vertical-align-top elementor-widget elementor-widget-icon-box\" data-id=\"06336e5\" data-element_type=\"widget\" data-widget_type=\"icon-box.default\">\n\t\t\t\t<div class=\"elementor-widget-container\">\n\t\t\t        <div class=\"elementor-icon-box-wrapper elementor-button-\">\n                <div class=\"elementor-icon-box-icon\">\n        <span class=\"elementor-icon elementor-animation-\" >\n                    <i class=\"opal-icon- opal-icon-city opal-custom\" aria-hidden=\"true\"><\/i>\n                <\/span>\n        <\/div>\n            <div class=\"elementor-icon-box-content\">\n        <h3 class=\"elementor-icon-box-title\">\n        <span >Transakcje<\/span>\n        <\/h3>\n\n        <p class=\"elementor-icon-box-description\"><ul>\n<li>Nabycie<\/li>\n<li>Zbycie<\/li>\n<li>Finansowanie<\/li>\n<li>Najem<\/li>\n<li>Komercjalizacja \u2013kontaktowanie si\u0119 z potencjalnymi najemcami i najem powierzchni handlowej<\/li>\n<li>Sprzeda\u017c \u2013znajdowanie potencjalnych nabywc\u00f3w i szybka sprzeda\u017c nieruchomo\u015bci handlowej<\/li>\n<\/ul> \n<\/p>\n\n        \n        <\/div>\n        <\/div>\n        \t\t<\/div>\n\t\t\t\t<\/div>\n\t\t\t\t\t\t<\/div>\n\t\t\t\t\t<\/div>\n\t\t<\/div>\n\t\t\t\t<div class=\"elementor-column elementor-col-50 elementor-top-column elementor-element elementor-element-e557182 animated-fast elementor-invisible\" data-id=\"e557182\" data-element_type=\"column\" data-settings=\"{&quot;background_background&quot;:&quot;classic&quot;,&quot;animation&quot;:&quot;opal-move-up&quot;,&quot;animation_delay&quot;:100}\">\n\t\t\t<div class=\"elementor-column-wrap elementor-element-populated\">\n\t\t\t\t\t\t\t<div class=\"elementor-widget-wrap\">\n\t\t\t\t\t\t<div class=\"elementor-element elementor-element-6f05741 elementor-position-left elementor-view-default icon-box-default elementor-vertical-align-top elementor-widget elementor-widget-icon-box\" data-id=\"6f05741\" data-element_type=\"widget\" data-widget_type=\"icon-box.default\">\n\t\t\t\t<div class=\"elementor-widget-container\">\n\t\t\t        <div class=\"elementor-icon-box-wrapper elementor-button-\">\n                <div class=\"elementor-icon-box-icon\">\n        <span class=\"elementor-icon elementor-animation-\" >\n                    <i class=\"opal-icon- opal-icon-consulting opal-custom\" aria-hidden=\"true\"><\/i>\n                <\/span>\n        <\/div>\n            <div class=\"elementor-icon-box-content\">\n        <h3 class=\"elementor-icon-box-title\">\n        <span >Doradztwo<\/span>\n        <\/h3>\n\n        <p class=\"elementor-icon-box-description\">Optymalizacja lokali u\u017cytkowych w ramach projekt\u00f3w mieszkaniowych lub biurowych:<br>\n<ul>\n<li>Dostosowanie podzia\u0142u powierzchni handlowej, umo\u017cliwiaj\u0105ca szybsz\u0105 komercjalizacj\u0119<\/li>\n<li>Adaptacje techniczne - pozwalaj\u0105ce na szerszy zakres dzia\u0142alno\u015bci w lokalu<\/li>\n<li>Projektowanie witryn i elewacji pod k\u0105tem handlowym - zwi\u0119kszenie widoczno\u015bci lokalu i optymalizacja oznakowania<\/li>\n<li>Dost\u0119p do nieruchomo\u015bci handlowych - gwarantuj\u0105cy jak najlepszy dost\u0119p dla klient\u00f3w i dostaw<\/li>\n<li>Struktura najemc\u00f3w - wyznaczenie najlepszej aktywno\u015bci pasuj\u0105cej do nieruchomo\u015bci<\/li>\n<\/ul><\/p>\n\n        \n        <\/div>\n        <\/div>\n        \t\t<\/div>\n\t\t\t\t<\/div>\n\t\t\t\t\t\t<\/div>\n\t\t\t\t\t<\/div>\n\t\t<\/div>\n\t\t\t\t\t\t\t\t<\/div>\n\t\t\t\t\t<\/div>\n\t\t<\/section>\n\t\t\t\t\t\t<\/div>\n\t\t\t\t\t\t<\/div>\n\t\t\t\t\t<\/div>\n\t\t","protected":false},"excerpt":{"rendered":"<p>Transakcje Nabycie Zbycie Finansowanie Najem Komercjalizacja \u2013kontaktowanie si\u0119 z potencjalnymi najemcami i najem powierzchni handlowej Sprzeda\u017c \u2013znajdowanie potencjalnych nabywc\u00f3w i szybka sprzeda\u017c nieruchomo\u015bci handlowej Doradztwo Optymalizacja lokali u\u017cytkowych w ramach projekt\u00f3w mieszkaniowych lub biurowych: Dostosowanie podzia\u0142u powierzchni handlowej, umo\u017cliwiaj\u0105ca szybsz\u0105 komercjalizacj\u0119 Adaptacje techniczne &#8211; pozwalaj\u0105ce na szerszy zakres dzia\u0142alno\u015bci w lokalu Projektowanie witryn i elewacji &hellip; <\/p>\n<p class=\"link-more\"><a href=\"https:\/\/hs-reim.pl\/pl\/uslugi\/\" class=\"more-link\">Read More <span class=\"screen-reader-text\"> &#8222;Us\u0142ugi&#8221;<\/span><\/a><\/p>\n","protected":false},"author":1,"featured_media":0,"parent":0,"menu_order":0,"comment_status":"closed","ping_status":"closed","template":"page-elementor.php","meta":{"inline_featured_image":false},"_links":{"self":[{"href":"https:\/\/hs-reim.pl\/pl\/wp-json\/wp\/v2\/pages\/2692"}],"collection":[{"href":"https:\/\/hs-reim.pl\/pl\/wp-json\/wp\/v2\/pages"}],"about":[{"href":"https:\/\/hs-reim.pl\/pl\/wp-json\/wp\/v2\/types\/page"}],"author":[{"embeddable":true,"href":"https:\/\/hs-reim.pl\/pl\/wp-json\/wp\/v2\/users\/1"}],"replies":[{"embeddable":true,"href":"https:\/\/hs-reim.pl\/pl\/wp-json\/wp\/v2\/comments?post=2692"}],"version-history":[{"count":20,"href":"https:\/\/hs-reim.pl\/pl\/wp-json\/wp\/v2\/pages\/2692\/revisions"}],"predecessor-version":[{"id":3010,"href":"https:\/\/hs-reim.pl\/pl\/wp-json\/wp\/v2\/pages\/2692\/revisions\/3010"}],"wp:attachment":[{"href":"https:\/\/hs-reim.pl\/pl\/wp-json\/wp\/v2\/media?parent=2692"}],"curies":[{"name":"wp","href":"https:\/\/api.w.org\/{rel}","templated":true}]}}