{"id":2667,"date":"2019-10-23T01:59:45","date_gmt":"2019-10-23T01:59:45","guid":{"rendered":"http:\/\/home\/platne\/serwer410115\/public_html\/hs-reim.pl\/our-leaders\/"},"modified":"2020-12-31T13:53:28","modified_gmt":"2020-12-31T13:53:28","slug":"nasz-zespol","status":"publish","type":"page","link":"https:\/\/hs-reim.pl\/pl\/nasz-zespol\/","title":{"rendered":"Nasz zesp\u00f3\u0142"},"content":{"rendered":"\t\t<div data-elementor-type=\"wp-page\" data-elementor-id=\"2667\" class=\"elementor elementor-2667 elementor-270\" data-elementor-settings=\"[]\">\n\t\t\t\t\t\t<div class=\"elementor-inner\">\n\t\t\t\t\t\t\t<div class=\"elementor-section-wrap\">\n\t\t\t\t\t\t\t<section class=\"elementor-section elementor-top-section elementor-element elementor-element-c862138 elementor-section-stretched elementor-section-boxed elementor-section-height-default elementor-section-height-default\" data-id=\"c862138\" data-element_type=\"section\" data-settings=\"{&quot;stretch_section&quot;:&quot;section-stretched&quot;}\">\n\t\t\t\t\t\t<div class=\"elementor-container elementor-column-gap-no\">\n\t\t\t\t\t\t\t<div class=\"elementor-row\">\n\t\t\t\t\t<div class=\"elementor-column elementor-col-50 elementor-top-column elementor-element elementor-element-0f39274\" data-id=\"0f39274\" data-element_type=\"column\">\n\t\t\t<div class=\"elementor-column-wrap elementor-element-populated\">\n\t\t\t\t\t\t\t<div class=\"elementor-widget-wrap\">\n\t\t\t\t\t\t<div class=\"elementor-element elementor-element-0178205 elementor-vertical-align-middle elementor-position-left animated-fast elementor-invisible elementor-widget elementor-widget-image-box\" data-id=\"0178205\" data-element_type=\"widget\" data-settings=\"{&quot;_animation&quot;:&quot;opal-move-up&quot;}\" data-widget_type=\"image-box.default\">\n\t\t\t\t<div class=\"elementor-widget-container\">\n\t\t\t<div class=\"elementor-image-box-wrapper elementor-button-\"><div class=\"elementor-image-framed\"><figure class=\"elementor-image-box-img\"><a href=\"#\"><img width=\"600\" height=\"620\" src=\"https:\/\/hs-reim.pl\/wp-content\/uploads\/2020\/10\/Agnieszka-Pyra.jpg\" class=\"attachment-full size-full\" alt=\"\" loading=\"lazy\" srcset=\"https:\/\/hs-reim.pl\/wp-content\/uploads\/2020\/10\/Agnieszka-Pyra.jpg 600w, https:\/\/hs-reim.pl\/wp-content\/uploads\/2020\/10\/Agnieszka-Pyra-290x300.jpg 290w\" sizes=\"(max-width: 600px) 100vw, 600px\" \/><\/a><\/figure><\/div><div class=\"elementor-image-box-content\"><div class=\"elementor-image-box-sub-title\">Cz\u0142onek Zarz\u0105du<\/div><h3 class=\"elementor-image-box-title\"><a href=\"#\">Agnieszka Pyra<\/a><\/h3><p class=\"elementor-image-box-description\"><span style=\"color: rgb(0, 0, 0); font-family: &quot;Open Sans&quot;, Arial, sans-serif; font-size: 14px; text-align: justify; white-space: normal;\">Specjalista ds. nieruchomo\u015bci z ponad 20-letnim do\u015bwiadczeniem w segmentach: biurowym, mieszkaniowym i galerii handlowych. Posiadaj\u0105c wykszta\u0142cenie ekonomiczne i tytu\u0142 bieg\u0142ego rewidenta, odpowiada\u0142a za finansowanie na \u0142\u0105czn\u0105 kwot\u0119 500 mln EUR, zarz\u0105dza\u0142a aktywami o warto\u015bci 1,1mln EUR i przeprowadzi\u0142a sprzeda\u017c projekt\u00f3w o warto\u015bci 600 mln EUR.&nbsp;<\/span><\/p><\/div><\/div>\t\t<\/div>\n\t\t\t\t<\/div>\n\t\t\t\t\t\t<\/div>\n\t\t\t\t\t<\/div>\n\t\t<\/div>\n\t\t\t\t<div class=\"elementor-column elementor-col-50 elementor-top-column elementor-element elementor-element-057a3fe\" data-id=\"057a3fe\" data-element_type=\"column\">\n\t\t\t<div class=\"elementor-column-wrap elementor-element-populated\">\n\t\t\t\t\t\t\t<div class=\"elementor-widget-wrap\">\n\t\t\t\t\t\t<div class=\"elementor-element elementor-element-d940fce elementor-position-left elementor-vertical-align-middle animated-fast elementor-invisible elementor-widget elementor-widget-image-box\" data-id=\"d940fce\" data-element_type=\"widget\" data-settings=\"{&quot;_animation&quot;:&quot;opal-move-up&quot;,&quot;_animation_delay&quot;:150}\" data-widget_type=\"image-box.default\">\n\t\t\t\t<div class=\"elementor-widget-container\">\n\t\t\t<div class=\"elementor-image-box-wrapper elementor-button-\"><div class=\"elementor-image-framed\"><figure class=\"elementor-image-box-img\"><a href=\"#\"><img width=\"600\" height=\"620\" src=\"https:\/\/hs-reim.pl\/wp-content\/uploads\/2020\/10\/Olivier-Gerard.jpg\" class=\"attachment-full size-full\" alt=\"\" loading=\"lazy\" srcset=\"https:\/\/hs-reim.pl\/wp-content\/uploads\/2020\/10\/Olivier-Gerard.jpg 600w, https:\/\/hs-reim.pl\/wp-content\/uploads\/2020\/10\/Olivier-Gerard-290x300.jpg 290w\" sizes=\"(max-width: 600px) 100vw, 600px\" \/><\/a><\/figure><\/div><div class=\"elementor-image-box-content\"><div class=\"elementor-image-box-sub-title\">Prezes<\/div><h3 class=\"elementor-image-box-title\"><a href=\"#\">Olivier G\u00e9rard<\/a><\/h3><p class=\"elementor-image-box-description\"><span style=\"color: rgb(0, 0, 0); font-family: &quot;Open Sans&quot;, Arial, sans-serif; font-size: 14px; text-align: justify; white-space: normal;\">Olivier jest do\u015bwiadczonym ekspertem rynku nieruchomo\u015bci specjalizuj\u0105cym si\u0119 w galeriach handlowych, z du\u017cym do\u015bwiadczeniem r\u00f3wnie\u017c w segmencie biurowym i mieszkaniowym, w ramach kt\u00f3rych zarz\u0105dza\u0142 wszystkimi aspektami dzia\u0142alno\u015bci: od zakupu dzia\u0142ki, przygotowania dokumentacji projektowej, procedury pozwole\u0144 na budow\u0119, proces budowlany, po finansowanie, najem, sprzeda\u017c i kontakty z inwestorami. Olivier dzia\u0142a na polskim rynku od ponad 20 lat.<\/span>&nbsp;<\/p><\/div><\/div>\t\t<\/div>\n\t\t\t\t<\/div>\n\t\t\t\t\t\t<\/div>\n\t\t\t\t\t<\/div>\n\t\t<\/div>\n\t\t\t\t\t\t\t\t<\/div>\n\t\t\t\t\t<\/div>\n\t\t<\/section>\n\t\t\t\t<section class=\"elementor-section elementor-top-section elementor-element elementor-element-cd93bfc elementor-section-stretched elementor-section-boxed elementor-section-height-default elementor-section-height-default\" data-id=\"cd93bfc\" data-element_type=\"section\" data-settings=\"{&quot;stretch_section&quot;:&quot;section-stretched&quot;}\">\n\t\t\t\t\t\t<div class=\"elementor-container elementor-column-gap-no\">\n\t\t\t\t\t\t\t<div class=\"elementor-row\">\n\t\t\t\t\t<div class=\"elementor-column elementor-col-50 elementor-top-column elementor-element elementor-element-675bd0b\" data-id=\"675bd0b\" data-element_type=\"column\">\n\t\t\t<div class=\"elementor-column-wrap elementor-element-populated\">\n\t\t\t\t\t\t\t<div class=\"elementor-widget-wrap\">\n\t\t\t\t\t\t<div class=\"elementor-element elementor-element-0070f55 elementor-vertical-align-middle elementor-position-left animated-fast elementor-invisible elementor-widget elementor-widget-image-box\" data-id=\"0070f55\" data-element_type=\"widget\" data-settings=\"{&quot;_animation&quot;:&quot;opal-move-up&quot;}\" data-widget_type=\"image-box.default\">\n\t\t\t\t<div class=\"elementor-widget-container\">\n\t\t\t<div class=\"elementor-image-box-wrapper elementor-button-\"><div class=\"elementor-image-framed\"><figure class=\"elementor-image-box-img\"><a href=\"#\"><img width=\"600\" height=\"620\" src=\"https:\/\/hs-reim.pl\/wp-content\/uploads\/2020\/10\/Jan-Rajkow-Krzywicki.jpg\" class=\"attachment-full size-full\" alt=\"\" loading=\"lazy\" srcset=\"https:\/\/hs-reim.pl\/wp-content\/uploads\/2020\/10\/Jan-Rajkow-Krzywicki.jpg 600w, https:\/\/hs-reim.pl\/wp-content\/uploads\/2020\/10\/Jan-Rajkow-Krzywicki-290x300.jpg 290w\" sizes=\"(max-width: 600px) 100vw, 600px\" \/><\/a><\/figure><\/div><div class=\"elementor-image-box-content\"><div class=\"elementor-image-box-sub-title\">Project Manager<\/div><h3 class=\"elementor-image-box-title\"><a href=\"#\">Jan Rajkow-Krzywicki<\/a><\/h3><p class=\"elementor-image-box-description\"><span style=\"color: rgb(0, 0, 0); font-family: &quot;Open Sans&quot;, Arial, sans-serif; font-size: 14px; text-align: justify; white-space: normal;\">Jan jest asset managerem odpowiedzialnym za wszystkie aspekty rozwoju marki High Street Reim. Odpowiada za identyfikacj\u0119 nowych projekt\u00f3w, negocjowanie i zawieranie um\u00f3w oraz proces komercjalizacji. Na polskim rynku dzia\u0142a od ponad 10 lat. &nbsp;<\/span><\/p><\/div><\/div>\t\t<\/div>\n\t\t\t\t<\/div>\n\t\t\t\t\t\t<\/div>\n\t\t\t\t\t<\/div>\n\t\t<\/div>\n\t\t\t\t<div class=\"elementor-column elementor-col-50 elementor-top-column elementor-element elementor-element-446c3c4\" data-id=\"446c3c4\" data-element_type=\"column\">\n\t\t\t<div class=\"elementor-column-wrap elementor-element-populated\">\n\t\t\t\t\t\t\t<div class=\"elementor-widget-wrap\">\n\t\t\t\t\t\t<div class=\"elementor-element elementor-element-c68a415 elementor-vertical-align-middle elementor-position-left animated-fast elementor-invisible elementor-widget elementor-widget-image-box\" data-id=\"c68a415\" data-element_type=\"widget\" data-settings=\"{&quot;_animation&quot;:&quot;opal-move-up&quot;}\" data-widget_type=\"image-box.default\">\n\t\t\t\t<div class=\"elementor-widget-container\">\n\t\t\t<div class=\"elementor-image-box-wrapper elementor-button-\"><div class=\"elementor-image-framed\"><figure class=\"elementor-image-box-img\"><a href=\"#\"><img width=\"600\" height=\"620\" src=\"https:\/\/hs-reim.pl\/wp-content\/uploads\/2020\/10\/lila.jpg\" class=\"attachment-full size-full\" alt=\"\" loading=\"lazy\" srcset=\"https:\/\/hs-reim.pl\/wp-content\/uploads\/2020\/10\/lila.jpg 600w, https:\/\/hs-reim.pl\/wp-content\/uploads\/2020\/10\/lila-290x300.jpg 290w\" sizes=\"(max-width: 600px) 100vw, 600px\" \/><\/a><\/figure><\/div><div class=\"elementor-image-box-content\"><div class=\"elementor-image-box-sub-title\">Specjalista od Projekt\u00f3w i Jako\u015bci<\/div><h3 class=\"elementor-image-box-title\"><a href=\"#\">Lila Csillag<\/a><\/h3><p class=\"elementor-image-box-description\"><span style=\"color: rgb(0, 0, 0); font-family: &quot;Open Sans&quot;, Arial, sans-serif; font-size: 14px; text-align: justify; white-space: normal;\">Jako architekt i urbanista Lila ma ponad 25-letnie mi\u0119dzynarodowe do\u015bwiadczenie w r\u00f3\u017cnych projektach zwi\u0105zanych z nieruchomo\u015bciami: mieszkaniowe, biurowe, hotelowe i handlowe. Od 15 lat kieruje procesem projektowania du\u017cych obiekt\u00f3w handlowych. <\/span><br><br><br><\/p><\/div><\/div>\t\t<\/div>\n\t\t\t\t<\/div>\n\t\t\t\t\t\t<\/div>\n\t\t\t\t\t<\/div>\n\t\t<\/div>\n\t\t\t\t\t\t\t\t<\/div>\n\t\t\t\t\t<\/div>\n\t\t<\/section>\n\t\t\t\t\t\t<\/div>\n\t\t\t\t\t\t<\/div>\n\t\t\t\t\t<\/div>\n\t\t","protected":false},"excerpt":{"rendered":"<p>Cz\u0142onek Zarz\u0105du Agnieszka Pyra Specjalista ds. nieruchomo\u015bci z ponad 20-letnim do\u015bwiadczeniem w segmentach: biurowym, mieszkaniowym i galerii handlowych. Posiadaj\u0105c wykszta\u0142cenie ekonomiczne i tytu\u0142 bieg\u0142ego rewidenta, odpowiada\u0142a za finansowanie na \u0142\u0105czn\u0105 kwot\u0119 500 mln EUR, zarz\u0105dza\u0142a aktywami o warto\u015bci 1,1mln EUR i przeprowadzi\u0142a sprzeda\u017c projekt\u00f3w o warto\u015bci 600 mln EUR.&nbsp; Prezes Olivier G\u00e9rard Olivier jest do\u015bwiadczonym &hellip; <\/p>\n<p class=\"link-more\"><a href=\"https:\/\/hs-reim.pl\/pl\/nasz-zespol\/\" class=\"more-link\">Read More <span class=\"screen-reader-text\"> &#8222;Nasz zesp\u00f3\u0142&#8221;<\/span><\/a><\/p>\n","protected":false},"author":1,"featured_media":0,"parent":0,"menu_order":0,"comment_status":"closed","ping_status":"closed","template":"page-elementor.php","meta":{"inline_featured_image":false},"_links":{"self":[{"href":"https:\/\/hs-reim.pl\/pl\/wp-json\/wp\/v2\/pages\/2667"}],"collection":[{"href":"https:\/\/hs-reim.pl\/pl\/wp-json\/wp\/v2\/pages"}],"about":[{"href":"https:\/\/hs-reim.pl\/pl\/wp-json\/wp\/v2\/types\/page"}],"author":[{"embeddable":true,"href":"https:\/\/hs-reim.pl\/pl\/wp-json\/wp\/v2\/users\/1"}],"replies":[{"embeddable":true,"href":"https:\/\/hs-reim.pl\/pl\/wp-json\/wp\/v2\/comments?post=2667"}],"version-history":[{"count":11,"href":"https:\/\/hs-reim.pl\/pl\/wp-json\/wp\/v2\/pages\/2667\/revisions"}],"predecessor-version":[{"id":2833,"href":"https:\/\/hs-reim.pl\/pl\/wp-json\/wp\/v2\/pages\/2667\/revisions\/2833"}],"wp:attachment":[{"href":"https:\/\/hs-reim.pl\/pl\/wp-json\/wp\/v2\/media?parent=2667"}],"curies":[{"name":"wp","href":"https:\/\/api.w.org\/{rel}","templated":true}]}}