{"id":2654,"date":"2019-10-23T09:17:55","date_gmt":"2019-10-23T09:17:55","guid":{"rendered":"http:\/\/home\/platne\/serwer410115\/public_html\/hs-reim.pl\/about-us\/"},"modified":"2021-04-01T11:38:26","modified_gmt":"2021-04-01T11:38:26","slug":"o-hsr","status":"publish","type":"page","link":"https:\/\/hs-reim.pl\/pl\/o-hsr\/","title":{"rendered":"O HSR"},"content":{"rendered":"\t\t<div data-elementor-type=\"wp-page\" data-elementor-id=\"2654\" class=\"elementor elementor-2654 elementor-371\" data-elementor-settings=\"[]\">\n\t\t\t\t\t\t<div class=\"elementor-inner\">\n\t\t\t\t\t\t\t<div class=\"elementor-section-wrap\">\n\t\t\t\t\t\t\t<section class=\"elementor-section elementor-top-section elementor-element elementor-element-02891bc elementor-section-stretched elementor-section-boxed elementor-section-height-default elementor-section-height-default\" data-id=\"02891bc\" data-element_type=\"section\" data-settings=\"{&quot;stretch_section&quot;:&quot;section-stretched&quot;}\">\n\t\t\t\t\t\t<div class=\"elementor-container elementor-column-gap-no\">\n\t\t\t\t\t\t\t<div class=\"elementor-row\">\n\t\t\t\t\t<div class=\"elementor-column elementor-col-100 elementor-top-column elementor-element elementor-element-d3674d5\" data-id=\"d3674d5\" data-element_type=\"column\">\n\t\t\t<div class=\"elementor-column-wrap elementor-element-populated\">\n\t\t\t\t\t\t\t<div class=\"elementor-widget-wrap\">\n\t\t\t\t\t\t<section class=\"elementor-section elementor-inner-section elementor-element elementor-element-6e3bb01 elementor-section-content-middle elementor-section-boxed elementor-section-height-default elementor-section-height-default\" data-id=\"6e3bb01\" data-element_type=\"section\">\n\t\t\t\t\t\t<div class=\"elementor-container elementor-column-gap-no\">\n\t\t\t\t\t\t\t<div class=\"elementor-row\">\n\t\t\t\t\t<div class=\"elementor-column elementor-col-50 elementor-inner-column elementor-element elementor-element-a44f191\" data-id=\"a44f191\" data-element_type=\"column\">\n\t\t\t<div class=\"elementor-column-wrap elementor-element-populated\">\n\t\t\t\t\t\t\t<div class=\"elementor-widget-wrap\">\n\t\t\t\t\t\t<div class=\"elementor-element elementor-element-1079585 animated-fast elementor-invisible elementor-widget elementor-widget-text-editor\" data-id=\"1079585\" data-element_type=\"widget\" data-settings=\"{&quot;_animation&quot;:&quot;opal-move-up&quot;}\" data-widget_type=\"text-editor.default\">\n\t\t\t\t<div class=\"elementor-widget-container\">\n\t\t\t        <div class=\"elementor-text-editor elementor-clearfix\"><p>High Street Reim jest zarz\u0105dc\u0105 aktywami, kt\u00f3ry skupia si\u0119 na nieruchomo\u015bciach handlowych w Polsce. Wiedza High Street Reim obejmuje wszystkie etapy istnienia nieruchomo\u015bci komercyjnych oraz tworzenia \u0142a\u0144cucha warto\u015bci nieruchomo\u015bci.<\/p><ul><li>High Street Reim doradza deweloperom w zakresie powierzchni komercyjnych w ramach ich projekt\u00f3w, pomagaj\u0105c im optymalizowa\u0107 ich przychody oraz ramy czasowe procesu najmu lub sprzeda\u017cy.<\/li><li>High Street Reim proponuje inwestorom istniej\u0105ce lub deweloperskie projekty, oferuj\u0105c jednocze\u015bnie pe\u0142en zakres us\u0142ug: due diligence i oszacowanie warto\u015bci, najem, finansowanie, zarz\u0105dzanie najmem i zarz\u0105dzanie procesem zbycia.<\/li><\/ul><p>W zale\u017cno\u015bci od aktyw\u00f3w i profilu klienta, High Street Reim mo\u017ce dzia\u0142a\u0107 jako us\u0142ugodawca dziel\u0105cy si\u0119 swoj\u0105 wiedz\u0105 z klientami i \/ lub udzia\u0142owiec w projektach na rynku nieruchomo\u015bci jako inwestor.<\/p><p>Niezale\u017cnie czy jeste\u015b inwestorem, deweloperem czy w\u0142a\u015bcicielem, wykwalifikowany zesp\u00f3\u0142 High Street Reim jest do Twojej dyspozycji, zwi\u0119kszaj\u0105c potencja\u0142 Twojej nieruchomo\u015bci komercyjnej.<\/p><\/div>\n        \t\t<\/div>\n\t\t\t\t<\/div>\n\t\t\t\t\t\t<\/div>\n\t\t\t\t\t<\/div>\n\t\t<\/div>\n\t\t\t\t<div class=\"elementor-column elementor-col-50 elementor-inner-column elementor-element elementor-element-1f5b67a\" data-id=\"1f5b67a\" data-element_type=\"column\">\n\t\t\t<div class=\"elementor-column-wrap elementor-element-populated\">\n\t\t\t\t\t\t\t<div class=\"elementor-widget-wrap\">\n\t\t\t\t\t\t<div class=\"elementor-element elementor-element-1ec5e3a elementor-widget elementor-widget-progress\" data-id=\"1ec5e3a\" data-element_type=\"widget\" data-widget_type=\"progress.default\">\n\t\t\t\t<div class=\"elementor-widget-container\">\n\t\t\t            <span class=\"elementor-title\">Finansowanie<\/span>\n        \n        <div class=\"elementor-progress-wrapper\" role=\"progressbar\" aria-valuemin=\"0\" aria-valuemax=\"100\" aria-valuenow=\"85\">\n            <div class=\"elementor-progress-bar\" data-max=\"85\">\n                            <\/div>\n        <\/div>\n        \t\t<\/div>\n\t\t\t\t<\/div>\n\t\t\t\t<div class=\"elementor-element elementor-element-4dd73e6 elementor-widget elementor-widget-progress\" data-id=\"4dd73e6\" data-element_type=\"widget\" data-widget_type=\"progress.default\">\n\t\t\t\t<div class=\"elementor-widget-container\">\n\t\t\t            <span class=\"elementor-title\">Asset management<\/span>\n        \n        <div class=\"elementor-progress-wrapper\" role=\"progressbar\" aria-valuemin=\"0\" aria-valuemax=\"100\" aria-valuenow=\"75\">\n            <div class=\"elementor-progress-bar\" data-max=\"75\">\n                            <\/div>\n        <\/div>\n        \t\t<\/div>\n\t\t\t\t<\/div>\n\t\t\t\t<div class=\"elementor-element elementor-element-d733cc5 elementor-widget elementor-widget-progress\" data-id=\"d733cc5\" data-element_type=\"widget\" data-widget_type=\"progress.default\">\n\t\t\t\t<div class=\"elementor-widget-container\">\n\t\t\t            <span class=\"elementor-title\">Proces sprzeda\u017cy<\/span>\n        \n        <div class=\"elementor-progress-wrapper\" role=\"progressbar\" aria-valuemin=\"0\" aria-valuemax=\"100\" aria-valuenow=\"90\">\n            <div class=\"elementor-progress-bar\" data-max=\"90\">\n                            <\/div>\n        <\/div>\n        \t\t<\/div>\n\t\t\t\t<\/div>\n\t\t\t\t\t\t<\/div>\n\t\t\t\t\t<\/div>\n\t\t<\/div>\n\t\t\t\t\t\t\t\t<\/div>\n\t\t\t\t\t<\/div>\n\t\t<\/section>\n\t\t\t\t\t\t<\/div>\n\t\t\t\t\t<\/div>\n\t\t<\/div>\n\t\t\t\t\t\t\t\t<\/div>\n\t\t\t\t\t<\/div>\n\t\t<\/section>\n\t\t\t\t<section class=\"elementor-section elementor-top-section elementor-element elementor-element-3ad8761 elementor-section-stretched elementor-section-boxed elementor-section-height-default elementor-section-height-default\" data-id=\"3ad8761\" data-element_type=\"section\" data-settings=\"{&quot;stretch_section&quot;:&quot;section-stretched&quot;}\">\n\t\t\t\t\t\t<div class=\"elementor-container elementor-column-gap-no\">\n\t\t\t\t\t\t\t<div class=\"elementor-row\">\n\t\t\t\t\t<div class=\"elementor-column elementor-col-33 elementor-top-column elementor-element elementor-element-532a539 animated-fast elementor-invisible\" data-id=\"532a539\" data-element_type=\"column\" data-settings=\"{&quot;animation&quot;:&quot;opal-move-up&quot;}\">\n\t\t\t<div class=\"elementor-column-wrap elementor-element-populated\">\n\t\t\t\t\t\t\t<div class=\"elementor-widget-wrap\">\n\t\t\t\t\t\t<div class=\"elementor-element elementor-element-71b3ae3 elementor-widget elementor-widget-image\" data-id=\"71b3ae3\" data-element_type=\"widget\" data-widget_type=\"image.default\">\n\t\t\t\t<div class=\"elementor-widget-container\">\n\t\t\t\t\t\t\t\t<div class=\"elementor-image\">\n\t\t\t\t\t\t\t\t\t\t\t\t<img src=\"https:\/\/hs-reim.pl\/wp-content\/uploads\/elementor\/thumbs\/DSC08823-scaled-rhzd686xh9bgh5lrnvxf8sqeemgczw8e5cfghprsm4.jpg\" title=\"DSC08823\" alt=\"DSC08823\" class=\"elementor-animation-float\" \/>\t\t\t\t\t\t\t\t\t\t\t\t\t\t<\/div>\n\t\t\t\t\t\t<\/div>\n\t\t\t\t<\/div>\n\t\t\t\t\t\t<\/div>\n\t\t\t\t\t<\/div>\n\t\t<\/div>\n\t\t\t\t<div class=\"elementor-column elementor-col-33 elementor-top-column elementor-element elementor-element-1294364 animated-fast elementor-invisible\" data-id=\"1294364\" data-element_type=\"column\" data-settings=\"{&quot;animation&quot;:&quot;opal-move-up&quot;,&quot;animation_delay&quot;:100}\">\n\t\t\t<div class=\"elementor-column-wrap elementor-element-populated\">\n\t\t\t\t\t\t\t<div class=\"elementor-widget-wrap\">\n\t\t\t\t\t\t<div class=\"elementor-element elementor-element-ad06e6f elementor-widget elementor-widget-image\" data-id=\"ad06e6f\" data-element_type=\"widget\" data-widget_type=\"image.default\">\n\t\t\t\t<div class=\"elementor-widget-container\">\n\t\t\t\t\t\t\t\t<div class=\"elementor-image\">\n\t\t\t\t\t\t\t\t\t\t\t\t<img src=\"https:\/\/hs-reim.pl\/wp-content\/uploads\/elementor\/thumbs\/DSC08666-scaled-rhzd686xh9bgh5lrnvxf8sqeemgczw8e5cfghprsm4.jpg\" title=\"DSC08666\" alt=\"DSC08666\" class=\"elementor-animation-float\" \/>\t\t\t\t\t\t\t\t\t\t\t\t\t\t<\/div>\n\t\t\t\t\t\t<\/div>\n\t\t\t\t<\/div>\n\t\t\t\t\t\t<\/div>\n\t\t\t\t\t<\/div>\n\t\t<\/div>\n\t\t\t\t<div class=\"elementor-column elementor-col-33 elementor-top-column elementor-element elementor-element-ac89500 animated-fast elementor-invisible\" data-id=\"ac89500\" data-element_type=\"column\" data-settings=\"{&quot;animation&quot;:&quot;opal-move-up&quot;,&quot;animation_delay&quot;:200}\">\n\t\t\t<div class=\"elementor-column-wrap elementor-element-populated\">\n\t\t\t\t\t\t\t<div class=\"elementor-widget-wrap\">\n\t\t\t\t\t\t<div class=\"elementor-element elementor-element-f27d8b8 elementor-widget elementor-widget-image\" data-id=\"f27d8b8\" data-element_type=\"widget\" data-widget_type=\"image.default\">\n\t\t\t\t<div class=\"elementor-widget-container\">\n\t\t\t\t\t\t\t\t<div class=\"elementor-image\">\n\t\t\t\t\t\t\t\t\t\t\t\t<img src=\"https:\/\/hs-reim.pl\/wp-content\/uploads\/elementor\/thumbs\/DSC08812-scaled-rhzd686xh9bgh5lrnvxf8sqeemgczw8e5cfghprsm4.jpg\" title=\"DSC08812\" alt=\"DSC08812\" class=\"elementor-animation-float\" \/>\t\t\t\t\t\t\t\t\t\t\t\t\t\t<\/div>\n\t\t\t\t\t\t<\/div>\n\t\t\t\t<\/div>\n\t\t\t\t\t\t<\/div>\n\t\t\t\t\t<\/div>\n\t\t<\/div>\n\t\t\t\t\t\t\t\t<\/div>\n\t\t\t\t\t<\/div>\n\t\t<\/section>\n\t\t\t\t\t\t<\/div>\n\t\t\t\t\t\t<\/div>\n\t\t\t\t\t<\/div>\n\t\t","protected":false},"excerpt":{"rendered":"<p>High Street Reim jest zarz\u0105dc\u0105 aktywami, kt\u00f3ry skupia si\u0119 na nieruchomo\u015bciach handlowych w Polsce. Wiedza High Street Reim obejmuje wszystkie etapy istnienia nieruchomo\u015bci komercyjnych oraz tworzenia \u0142a\u0144cucha warto\u015bci nieruchomo\u015bci. High Street Reim doradza deweloperom w zakresie powierzchni komercyjnych w ramach ich projekt\u00f3w, pomagaj\u0105c im optymalizowa\u0107 ich przychody oraz ramy czasowe procesu najmu lub sprzeda\u017cy. High &hellip; <\/p>\n<p class=\"link-more\"><a href=\"https:\/\/hs-reim.pl\/pl\/o-hsr\/\" class=\"more-link\">Read More <span class=\"screen-reader-text\"> &#8222;O HSR&#8221;<\/span><\/a><\/p>\n","protected":false},"author":1,"featured_media":0,"parent":0,"menu_order":0,"comment_status":"closed","ping_status":"closed","template":"page-elementor.php","meta":{"inline_featured_image":false},"_links":{"self":[{"href":"https:\/\/hs-reim.pl\/pl\/wp-json\/wp\/v2\/pages\/2654"}],"collection":[{"href":"https:\/\/hs-reim.pl\/pl\/wp-json\/wp\/v2\/pages"}],"about":[{"href":"https:\/\/hs-reim.pl\/pl\/wp-json\/wp\/v2\/types\/page"}],"author":[{"embeddable":true,"href":"https:\/\/hs-reim.pl\/pl\/wp-json\/wp\/v2\/users\/1"}],"replies":[{"embeddable":true,"href":"https:\/\/hs-reim.pl\/pl\/wp-json\/wp\/v2\/comments?post=2654"}],"version-history":[{"count":8,"href":"https:\/\/hs-reim.pl\/pl\/wp-json\/wp\/v2\/pages\/2654\/revisions"}],"predecessor-version":[{"id":3013,"href":"https:\/\/hs-reim.pl\/pl\/wp-json\/wp\/v2\/pages\/2654\/revisions\/3013"}],"wp:attachment":[{"href":"https:\/\/hs-reim.pl\/pl\/wp-json\/wp\/v2\/media?parent=2654"}],"curies":[{"name":"wp","href":"https:\/\/api.w.org\/{rel}","templated":true}]}}